{"id":321,"date":"2020-12-04T18:02:24","date_gmt":"2020-12-04T18:02:24","guid":{"rendered":"https:\/\/Gondea.de\/?page_id=321"},"modified":"2025-09-23T14:15:20","modified_gmt":"2025-09-23T14:15:20","slug":"willkommen","status":"publish","type":"page","link":"https:\/\/gondea.de\/willkommen\/","title":{"rendered":"Willkommen"},"content":{"rendered":"\n<p class=\"has-text-align-center\">Willkommen auf Gondea &#8211; <em>naturnah leben<\/em> mit <\/p>\n\n\n\n<p class=\"has-text-align-center\">Angeboten f\u00fcr <strong>individuelle oder begleitete Naturaufenthalte<\/strong>, sowie <\/p>\n\n\n\n<p class=\"has-text-align-center\"><strong>\u00dcbergangsbegleitung f\u00fcr Jugendliche<\/strong> und ihre Familien. <\/p>\n\n\n\n<h2 class=\"wp-block-heading\">\u00dcberg\u00e4nge zelebrieren<\/h2>\n\n\n\n<p>W\u00e4hrend wir uns an allt\u00e4gliche Anforderungen anpassen k\u00f6nnen, sind \u00dcberg\u00e4nge heraus-fordernd. Nicht nur der \u00dcbergang von der kalten zur warmen Jahreszeit und umgekehrt fordert eine Umstellung f\u00fcr K\u00f6rper und Psyche; \u00dcberg\u00e4nge zwischen Lebensphasen fordern uns genauso, doch haben wir weitaus weniger \u00dcbung darin, sie gut zu meistern. <\/p>\n\n\n\n<p>Mit meinen Angeboten m\u00f6chte ich zu einer Kultur beitragen, die Menschen in genau diesen \u00dcberg\u00e4ngen unterst\u00fctzt und diese Lebensphasen als gemeinschaftsst\u00e4rkende Ereignisse wieder erlebbar macht.<\/p>\n\n\n\n<h2 class=\"wp-block-heading\">Tears of Amber and Gold &#8211; Gemeinsam Trauern in Schweden<\/h2>\n\n\n\n<div class=\"wp-block-columns is-layout-flex wp-container-core-columns-is-layout-9d6595d7 wp-block-columns-is-layout-flex\">\n<div class=\"wp-block-column is-layout-flow wp-block-column-is-layout-flow\"><div class=\"wp-block-image\">\n<figure class=\"aligncenter size-medium\"><img loading=\"lazy\" decoding=\"async\" width=\"300\" height=\"300\" src=\"https:\/\/gondea.de\/wp-content\/uploads\/2025\/09\/Flyer_mobil_2026-300x300.jpg\" alt=\"\" class=\"wp-image-1244\" srcset=\"https:\/\/gondea.de\/wp-content\/uploads\/2025\/09\/Flyer_mobil_2026-300x300.jpg 300w, https:\/\/gondea.de\/wp-content\/uploads\/2025\/09\/Flyer_mobil_2026-1024x1024.jpg 1024w, https:\/\/gondea.de\/wp-content\/uploads\/2025\/09\/Flyer_mobil_2026-150x150.jpg 150w, https:\/\/gondea.de\/wp-content\/uploads\/2025\/09\/Flyer_mobil_2026-768x768.jpg 768w, https:\/\/gondea.de\/wp-content\/uploads\/2025\/09\/Flyer_mobil_2026-100x100.jpg 100w, https:\/\/gondea.de\/wp-content\/uploads\/2025\/09\/Flyer_mobil_2026.jpg 1080w\" sizes=\"auto, (max-width: 300px) 100vw, 300px\" \/><\/figure>\n<\/div><\/div>\n\n\n\n<div class=\"wp-block-column is-layout-flow wp-block-column-is-layout-flow\">\n<p>Zum dritten Mal \u00f6ffne ich zusammen mit Lien De Coster den Raum f\u00fcr die heilsame Erfahrung des gemeinsam Trauerns und laden euch ein, loszulassen was sich \u00fcbers Jahr und \u00fcber Jahre angestaut hat. Zusammen mit einem internationalen Team halten wir 5 Tage lang, an einem magischen Ort an der Westk\u00fcste Schwedens einen sicheren Rahmen f\u00fcr all die Tr\u00e4nen, f\u00fcr die bislang keine Chance hatten geweint zu werden.<\/p>\n\n\n\n<p><strong>Trauerritual in Schweden vom 25.2. &#8211; 1.M\u00e4rz  2026<\/strong>, Infocall am 20.Oktober<\/p>\n\n\n\n<div class=\"wp-block-buttons is-content-justification-center is-layout-flex wp-container-core-buttons-is-layout-16018d1d wp-block-buttons-is-layout-flex\">\n<div class=\"wp-block-button\"><a class=\"wp-block-button__link wp-element-button\" href=\"https:\/\/www.leavesoflien.com\/grief\">Mehr erfahren&#8230;<\/a><\/div>\n<\/div>\n<\/div>\n<\/div>\n\n\n\n<h2 class=\"wp-block-heading\">Zwischen Kindheit und Jugend<\/h2>\n\n\n\n<div class=\"wp-block-columns are-vertically-aligned-top is-layout-flex wp-container-core-columns-is-layout-9d6595d7 wp-block-columns-is-layout-flex\">\n<div class=\"wp-block-column is-vertically-aligned-top is-layout-flow wp-block-column-is-layout-flow\">\n<figure class=\"wp-block-image size-full is-resized is-style-default\"><img loading=\"lazy\" decoding=\"async\" width=\"1000\" height=\"750\" src=\"https:\/\/Gondea.de\/wp-content\/uploads\/2023\/03\/Wandelzeit22-41.jpg\" alt=\"\" class=\"wp-image-1004\"\/><\/figure>\n\n\n<div class=\"wp-block-image is-resized\">\n<figure class=\"aligncenter size-full\"><img loading=\"lazy\" decoding=\"async\" width=\"1152\" height=\"768\" src=\"https:\/\/gondea.de\/wp-content\/uploads\/2024\/04\/DSC01053-Mittel.jpg\" alt=\"\" class=\"wp-image-1163\" srcset=\"https:\/\/gondea.de\/wp-content\/uploads\/2024\/04\/DSC01053-Mittel.jpg 1152w, https:\/\/gondea.de\/wp-content\/uploads\/2024\/04\/DSC01053-Mittel-300x200.jpg 300w, https:\/\/gondea.de\/wp-content\/uploads\/2024\/04\/DSC01053-Mittel-1024x683.jpg 1024w, https:\/\/gondea.de\/wp-content\/uploads\/2024\/04\/DSC01053-Mittel-768x512.jpg 768w\" sizes=\"auto, (max-width: 706px) 89vw, (max-width: 767px) 82vw, 740px\" \/><\/figure>\n<\/div><\/div>\n\n\n\n<div class=\"wp-block-column is-vertically-aligned-top is-layout-flow wp-block-column-is-layout-flow\">\n<p>F\u00fcr Jugendliche und ihre Familien biete ich mit <a href=\"https:\/\/zukunftsfaehig-ev.de\/wildkatzen\/\">WILDKATZEN<\/a> eine Begleitung f\u00fcr den \u00dcbergang vom Kind zum\/r Jugendlichen an. <\/p>\n\n\n\n<p>Das Programm f\u00fcr FLINTA\/M\u00e4dchen* und deren Familien besteht aus dem Sommercamp und der Waldzeit im Herbst besteht, sowie vorbereitenden Treffen online. WILDKATZEN findet in Zusammenarbeit mit dem Verein <a href=\"https:\/\/zukunftsfaehig-ev.de\/\">zukunftsF\u00e4hig e.V.<\/a> statt.<\/p>\n\n\n\n<div class=\"wp-block-buttons is-content-justification-center is-layout-flex wp-container-core-buttons-is-layout-16018d1d wp-block-buttons-is-layout-flex\">\n<div class=\"wp-block-button\"><a class=\"wp-block-button__link wp-element-button\" href=\"https:\/\/zukunftsfaehig.org\/begleitung\/\">Mehr erfahren&#8230;<\/a><\/div>\n<\/div>\n<\/div>\n<\/div>\n\n\n\n<h2 class=\"wp-block-heading\">Der Sitout &#8211; Uralt und noch immer kraftvoll<\/h2>\n\n\n\n<div class=\"wp-block-columns is-layout-flex wp-container-core-columns-is-layout-9d6595d7 wp-block-columns-is-layout-flex\">\n<div class=\"wp-block-column is-layout-flow wp-block-column-is-layout-flow\"><div class=\"wp-block-image\">\n<figure class=\"aligncenter size-full\"><img loading=\"lazy\" decoding=\"async\" width=\"1200\" height=\"900\" src=\"https:\/\/gondea.de\/wp-content\/uploads\/2023\/04\/TreeBildSwede_small.jpg\" alt=\"\" class=\"wp-image-1025\"\/><\/figure>\n<\/div><\/div>\n\n\n\n<div class=\"wp-block-column is-layout-flow wp-block-column-is-layout-flow\">\n<p>F\u00fcr Erwachsene und junge Menschen ab 18J. gibt es die Sitouts, in denen man eine kurze oder l\u00e4ngere Zeit hinaus geht, drau\u00dfen sitzt, um in die Natur und in sich zu lauschen und sich in diesem wertfreien Raum zu begegnen. Dies ist besonders wertvoll wenn Ver\u00e4nderungen im Leben anstehen. Man findet diese Tradition in vielen verschiedenen Kulturen verankert u.a. auch in der hiesigen germanischen Kultur.<\/p>\n\n\n\n<p><strong>Sitout in Schweden vom  5.-14. Juni 2026<\/strong><\/p>\n\n\n\n<div class=\"wp-block-buttons is-content-justification-center is-layout-flex wp-container-core-buttons-is-layout-16018d1d wp-block-buttons-is-layout-flex\">\n<div class=\"wp-block-button\"><a class=\"wp-block-button__link wp-element-button\" href=\"https:\/\/gondea.de\/willkommen\/sitout\/\">Mehr erfahren&#8230;<\/a><\/div>\n<\/div>\n<\/div>\n<\/div>\n\n\n\n<p><\/p>\n\n\n\n<h2 class=\"wp-block-heading\"><br>Naturretreats in der Chika<\/h2>\n\n\n\n<div class=\"wp-block-columns is-layout-flex wp-container-core-columns-is-layout-9d6595d7 wp-block-columns-is-layout-flex\">\n<div class=\"wp-block-column is-layout-flow wp-block-column-is-layout-flow\"><div class=\"wp-block-image is-resized\">\n<figure class=\"aligncenter size-medium\"><img loading=\"lazy\" decoding=\"async\" width=\"300\" height=\"225\" src=\"https:\/\/gondea.de\/wp-content\/uploads\/2022\/12\/IMG_6498-300x225.jpg\" alt=\"\" class=\"wp-image-938\" srcset=\"https:\/\/gondea.de\/wp-content\/uploads\/2022\/12\/IMG_6498-300x225.jpg 300w, https:\/\/gondea.de\/wp-content\/uploads\/2022\/12\/IMG_6498-1024x768.jpg 1024w, https:\/\/gondea.de\/wp-content\/uploads\/2022\/12\/IMG_6498-768x576.jpg 768w, https:\/\/gondea.de\/wp-content\/uploads\/2022\/12\/IMG_6498-1536x1152.jpg 1536w, https:\/\/gondea.de\/wp-content\/uploads\/2022\/12\/IMG_6498-2048x1536.jpg 2048w\" sizes=\"auto, (max-width: 300px) 100vw, 300px\" \/><\/figure>\n<\/div><\/div>\n\n\n\n<div class=\"wp-block-column is-layout-flow wp-block-column-is-layout-flow\">\n<p>F\u00fcr Einzelretreats, Individualisten oder Naturliebhaber, die gern Tag- und Nacht in der Natur verbringen m\u00f6chten, habe ich die Chika\u2019s entwickelt. Das sind kleine Holzh\u00e4uschen im japanischen Stil zum komfortablen Drau\u00dfenschlafen. Auf dem Pferdehof von Renate in MeckPom kann man sie erleben. Umgeben von weiten Koppeln mit Pferden, Eseln und Schafen kann man entspannt beobachten und im klaren Waldsee nahbei baden gehen.<\/p>\n\n\n\n<div class=\"wp-block-buttons is-content-justification-center is-layout-flex wp-container-core-buttons-is-layout-16018d1d wp-block-buttons-is-layout-flex\">\n<div class=\"wp-block-button\"><a class=\"wp-block-button__link wp-element-button\" href=\"https:\/\/gondea.de\/willkommen\/chika\/\">Mehr erfahren&#8230;<\/a><\/div>\n<\/div>\n<\/div>\n<\/div>\n\n\n\n<p><\/p>\n\n\n\n<h2 class=\"wp-block-heading\">Gondea<em>&nbsp;<\/em>ist&#8230;<\/h2>\n\n\n\n<div class=\"wp-block-columns is-layout-flex wp-container-core-columns-is-layout-9d6595d7 wp-block-columns-is-layout-flex\">\n<div class=\"wp-block-column is-layout-flow wp-block-column-is-layout-flow\">\n<p><em>\u201eDer sch\u00f6ne Ort, den mein Herz kennt\u201c,<\/em> um es mit den Worten von Charles Eisenstein auszudr\u00fccken.&nbsp;Ihn zu finden, folge ich einer Spur von Stimmigkeit, die ich in unterschiedlichen Lebensentw\u00fcrfen, Kulturen und Naturr\u00e4umen wahrnehme. Ich hinterfrage g\u00e4ngige Konzepte unseres modernen Lebensstiles und kn\u00fcpfe dabei unwillk\u00fcrlich an alte Br\u00e4uche an. Umso mehr ich das mache, umso mehr f\u00fchlt es sich an, wie nach Hause kommen.&nbsp;Mehr zum Hintergrund und zu mir <a href=\"https:\/\/gondea.de\/ueber\/\">hier\u2026<\/a><\/p>\n\n\n\n<p>Viel Freude beim Lesen und St\u00f6bern w\u00fcnscht,<\/p>\n\n\n\n<p>Zaia<\/p>\n<\/div>\n\n\n\n<div class=\"wp-block-column is-layout-flow wp-block-column-is-layout-flow\"><div class=\"wp-block-image\">\n<figure class=\"aligncenter size-full\"><img loading=\"lazy\" decoding=\"async\" width=\"640\" height=\"480\" src=\"https:\/\/gondea.de\/wp-content\/uploads\/2024\/01\/IMG_5438.jpg\" alt=\"\" class=\"wp-image-1094\"\/><\/figure>\n<\/div>\n\n\n<p><\/p>\n<\/div>\n<\/div>\n\n\n\n<p><\/p>\n\n\n\n<p><\/p>\n","protected":false},"excerpt":{"rendered":"<p>Willkommen auf Gondea &#8211; naturnah leben mit Angeboten f\u00fcr individuelle oder begleitete Naturaufenthalte, sowie \u00dcbergangsbegleitung f\u00fcr Jugendliche und ihre Familien. \u00dcberg\u00e4nge zelebrieren W\u00e4hrend wir uns an allt\u00e4gliche Anforderungen anpassen k\u00f6nnen, sind \u00dcberg\u00e4nge heraus-fordernd. Nicht nur der \u00dcbergang von der kalten zur warmen Jahreszeit und umgekehrt fordert eine Umstellung f\u00fcr K\u00f6rper und Psyche; \u00dcberg\u00e4nge zwischen Lebensphasen &hellip; <\/p>\n<p class=\"link-more\"><a href=\"https:\/\/gondea.de\/willkommen\/\" class=\"more-link\"><span class=\"screen-reader-text\">\u201eWillkommen\u201c<\/span> weiterlesen<\/a><\/p>\n","protected":false},"author":1,"featured_media":0,"parent":0,"menu_order":0,"comment_status":"closed","ping_status":"closed","template":"","meta":{"footnotes":""},"class_list":["post-321","page","type-page","status-publish","hentry"],"_links":{"self":[{"href":"https:\/\/gondea.de\/willkommen\/wp-json\/wp\/v2\/pages\/321","targetHints":{"allow":["GET"]}}],"collection":[{"href":"https:\/\/gondea.de\/willkommen\/wp-json\/wp\/v2\/pages"}],"about":[{"href":"https:\/\/gondea.de\/willkommen\/wp-json\/wp\/v2\/types\/page"}],"author":[{"embeddable":true,"href":"https:\/\/gondea.de\/willkommen\/wp-json\/wp\/v2\/users\/1"}],"replies":[{"embeddable":true,"href":"https:\/\/gondea.de\/willkommen\/wp-json\/wp\/v2\/comments?post=321"}],"version-history":[{"count":51,"href":"https:\/\/gondea.de\/willkommen\/wp-json\/wp\/v2\/pages\/321\/revisions"}],"predecessor-version":[{"id":1258,"href":"https:\/\/gondea.de\/willkommen\/wp-json\/wp\/v2\/pages\/321\/revisions\/1258"}],"wp:attachment":[{"href":"https:\/\/gondea.de\/willkommen\/wp-json\/wp\/v2\/media?parent=321"}],"curies":[{"name":"wp","href":"https:\/\/api.w.org\/{rel}","templated":true}]}}