{"id":412,"date":"2020-11-28T14:18:25","date_gmt":"2020-11-28T14:18:25","guid":{"rendered":"https:\/\/Gondea.de\/?page_id=412"},"modified":"2021-05-05T12:38:18","modified_gmt":"2021-05-05T12:38:18","slug":"solidarische-kostenteilung","status":"publish","type":"page","link":"https:\/\/gondea.de\/willkommen\/solidarische-kostenteilung\/","title":{"rendered":"Solidarische Kostenteilung"},"content":{"rendered":"\n<p>Wir wollen allen Menschen die Teilnahme an unseren Programmen erm\u00f6glichen, die einen klaren Ruf dazu versp\u00fcren &#8211; unabh\u00e4ngig davon, wieviel sie daf\u00fcr zahlen k\u00f6nnen. Gleichzeitig m\u00fcssen unsere Unkosten und finanziellen Bed\u00fcrfnisse gedeckt werden, damit wir in unserer Arbeit voll pr\u00e4sent sein und auch von ihr leben k\u00f6nnen.<\/p>\n\n\n\n<p>Deshalb haben wir uns f\u00fcr <strong>solidarische Kostenteilung<\/strong> entschieden. Das funktioniert so:<\/p>\n\n\n\n<p>Sobald alle Teilnehmenden und evt. F\u00f6rdermittel feststehen werden wir unsere finanziellen Bed\u00fcrfnisse transparent machen und allen Teilnehmenden erm\u00f6glichen, im Rahmen einer Bieterrunde anonym einen ihnen m\u00f6glichen Beitrag zu finden. So k\u00f6nnen die Mitglieder sich solidarisch unterst\u00fctzen und gemeinsam daf\u00fcr Sorge tragen, dass unser Gesamtbetrag zustande kommt. Der Termin f\u00fcr die Bieterrunde geben wir beim Infotreffen bekannt.<\/p>\n\n\n\n<p><a href=\"https:\/\/Gondea.de\/wandelzeit\/\" data-type=\"page\" data-id=\"337\">Zur\u00fcck&#8230;<\/a><\/p>\n","protected":false},"excerpt":{"rendered":"<p>Wir wollen allen Menschen die Teilnahme an unseren Programmen erm\u00f6glichen, die einen klaren Ruf dazu versp\u00fcren &#8211; unabh\u00e4ngig davon, wieviel sie daf\u00fcr zahlen k\u00f6nnen. Gleichzeitig m\u00fcssen unsere Unkosten und finanziellen Bed\u00fcrfnisse gedeckt werden, damit wir in unserer Arbeit voll pr\u00e4sent sein und auch von ihr leben k\u00f6nnen. Deshalb haben wir uns f\u00fcr solidarische Kostenteilung entschieden. &hellip; <\/p>\n<p class=\"link-more\"><a href=\"https:\/\/gondea.de\/willkommen\/solidarische-kostenteilung\/\" class=\"more-link\"><span class=\"screen-reader-text\">\u201eSolidarische Kostenteilung\u201c<\/span> weiterlesen<\/a><\/p>\n","protected":false},"author":1,"featured_media":0,"parent":0,"menu_order":0,"comment_status":"closed","ping_status":"closed","template":"","meta":{"footnotes":""},"class_list":["post-412","page","type-page","status-publish","hentry"],"_links":{"self":[{"href":"https:\/\/gondea.de\/willkommen\/wp-json\/wp\/v2\/pages\/412","targetHints":{"allow":["GET"]}}],"collection":[{"href":"https:\/\/gondea.de\/willkommen\/wp-json\/wp\/v2\/pages"}],"about":[{"href":"https:\/\/gondea.de\/willkommen\/wp-json\/wp\/v2\/types\/page"}],"author":[{"embeddable":true,"href":"https:\/\/gondea.de\/willkommen\/wp-json\/wp\/v2\/users\/1"}],"replies":[{"embeddable":true,"href":"https:\/\/gondea.de\/willkommen\/wp-json\/wp\/v2\/comments?post=412"}],"version-history":[{"count":3,"href":"https:\/\/gondea.de\/willkommen\/wp-json\/wp\/v2\/pages\/412\/revisions"}],"predecessor-version":[{"id":709,"href":"https:\/\/gondea.de\/willkommen\/wp-json\/wp\/v2\/pages\/412\/revisions\/709"}],"wp:attachment":[{"href":"https:\/\/gondea.de\/willkommen\/wp-json\/wp\/v2\/media?parent=412"}],"curies":[{"name":"wp","href":"https:\/\/api.w.org\/{rel}","templated":true}]}}