{"id":589,"date":"2021-02-04T16:52:07","date_gmt":"2021-02-04T16:52:07","guid":{"rendered":"https:\/\/Gondea.de\/?page_id=589"},"modified":"2025-09-17T16:24:15","modified_gmt":"2025-09-17T16:24:15","slug":"team","status":"publish","type":"page","link":"https:\/\/gondea.de\/willkommen\/team\/","title":{"rendered":"Team"},"content":{"rendered":"\n<h2 class=\"wp-block-heading\" id=\"Zaia\"><\/h2>\n\n\n<div class=\"wp-block-image\">\n<figure class=\"aligncenter size-medium is-resized\"><img loading=\"lazy\" decoding=\"async\" width=\"300\" height=\"300\" src=\"https:\/\/gondea.de\/wp-content\/uploads\/2025\/09\/Zaia_Anne_small-300x300.png\" alt=\"\" class=\"wp-image-1248\" style=\"width:300px;height:auto\" srcset=\"https:\/\/gondea.de\/wp-content\/uploads\/2025\/09\/Zaia_Anne_small-300x300.png 300w, https:\/\/gondea.de\/wp-content\/uploads\/2025\/09\/Zaia_Anne_small-150x150.png 150w, https:\/\/gondea.de\/wp-content\/uploads\/2025\/09\/Zaia_Anne_small-100x100.png 100w, https:\/\/gondea.de\/wp-content\/uploads\/2025\/09\/Zaia_Anne_small.png 444w\" sizes=\"auto, (max-width: 300px) 100vw, 300px\" \/><\/figure>\n<\/div>\n\n\n<p id=\"Zaia\"><strong>Zaia Hoffmann (sie, *1980)<\/strong> ist Wildnismentorin mit Fokus auf naturverbundener Ritualarbeit, Nomadin und Wildnisk\u00f6chin<\/p>\n\n\n\n<p>Sie leitete 4 Jahre lang <a href=\"https:\/\/drachinzeit.de\">Drachinzeiten<\/a>, reiste nach Neuseeland, um bei <a href=\"https:\/\/www.tracks.net.nz\/tides\/rope\">Tides<\/a> zu hospitieren. Sie lernte u.a. von Sobonfu Som\u00e9 (naturverbundene Rituale) und Imre Thormann (Butoh-Tanz). Mit der Wandelzeit, WILDKATZEN, den Chikas und verschiedenen Sitout-Formaten, die sie gemeinsam mit Lien De Coster begleitet, bringt sie Menschen den Naturraum auf vielf\u00e4ltige Weise nahe. Mehr \u00fcber Zaia und ihre Vision Gondea erf\u00e4hrst du <a href=\"https:\/\/Gondea.de\/ueber\/\" data-type=\"page\" data-id=\"33\">hier<\/a>.<\/p>\n\n\n<div class=\"wp-block-image\">\n<figure class=\"aligncenter size-large\"><a href=\"https:\/\/Gondea.de\/\"><img loading=\"lazy\" decoding=\"async\" width=\"184\" height=\"85\" src=\"https:\/\/Gondea.de\/wp-content\/uploads\/2021\/02\/Gondea_logo_naturnah_leben3-01.png\" alt=\"\" class=\"wp-image-574\"\/><\/a><\/figure>\n<\/div>\n\n\n<h2 class=\"wp-block-heading\" id=\"Isabel\"><\/h2>\n\n\n<div class=\"wp-block-image\">\n<figure class=\"aligncenter size-full is-resized\"><img loading=\"lazy\" decoding=\"async\" width=\"479\" height=\"547\" src=\"https:\/\/gondea.de\/wp-content\/uploads\/2025\/09\/Lien_round_name.png\" alt=\"\" class=\"wp-image-1254\" style=\"width:312px\" srcset=\"https:\/\/gondea.de\/wp-content\/uploads\/2025\/09\/Lien_round_name.png 479w, https:\/\/gondea.de\/wp-content\/uploads\/2025\/09\/Lien_round_name-263x300.png 263w\" sizes=\"auto, (max-width: 479px) 100vw, 479px\" \/><\/figure>\n<\/div>\n\n\n<p><strong>Lien De Coster (sie\/they, *1985)<\/strong> ist Wildnismentor, Geschichtenerz\u00e4hler und Poet. Auf verschiedenste Weise begleitet sie Menschen darin, sich in der Natur zu begegnen. In ihren Sitouts sucht Lien dabei an hiesige alte germanische Wurzeln anzubinden und damit die europ\u00e4ische Version der Visionssuche wieder und neu zu beleben. <\/p>\n\n\n\n<p>Ihre Arbeit ist gepr\u00e4gt von zahlreichen Naturaufenthalten und Reisen weltweit. Lien ist Autor des Gedichtbandes &#8222;Rawhides&#8220;, der auf ihrer viermonatigen Reise in die Arktis entstand. Gelernt hat sie unter anderem bei Martin Shaw (School of Myth), Linda Wormhoudt (nordwesteurop\u00e4ischer Schamanismus) und auf vielen Art of Mentoring Gatherings (8 Shields). <\/p>\n\n\n\n<p>Mehr \u00fcber Lien und ihre Angebote erf\u00e4hrst du unter <a href=\"https:\/\/www.leavesoflien.com\/welcome\">www.leavesoflien.com<\/a><\/p>\n\n\n<div class=\"wp-block-image\">\n<figure class=\"aligncenter size-large\"><a href=\"https:\/\/www.leavesoflien.com\/welcome\"><img loading=\"lazy\" decoding=\"async\" width=\"276\" height=\"115\" src=\"https:\/\/Gondea.de\/wp-content\/uploads\/2021\/02\/Logo_LeavesOfLien-1.jpg\" alt=\"\" class=\"wp-image-596\"\/><\/a><\/figure>\n<\/div>\n\n<div class=\"wp-block-image\">\n<figure class=\"aligncenter size-medium is-resized\"><img loading=\"lazy\" decoding=\"async\" width=\"263\" height=\"300\" src=\"https:\/\/gondea.de\/wp-content\/uploads\/2025\/09\/Isabel_round_name-263x300.png\" alt=\"\" class=\"wp-image-1253\" style=\"width:300px\" srcset=\"https:\/\/gondea.de\/wp-content\/uploads\/2025\/09\/Isabel_round_name-263x300.png 263w, https:\/\/gondea.de\/wp-content\/uploads\/2025\/09\/Isabel_round_name.png 476w\" sizes=\"auto, (max-width: 263px) 100vw, 263px\" \/><\/figure>\n<\/div>\n\n\n<p><strong>Isabel Knauf (sie, *1977)<\/strong> ist Mutter, Heilpraktikerin, Wildnismentorin und Ritualleiterin.<\/p>\n\n\n\n<p>Sie begleitet Menschen in ihren Krisen und Lebens\u00fcberg\u00e4ngen und das am liebsten in Naturr\u00e4umen, in Gemeinschaft, am Feuer und unter Sternen. Ausserdem schenkt sie Medizinlieder in die Welt.<\/p>\n\n\n\n<p>Gelernt hat sie u.a. beim IFP (Institut f\u00fcr Phytotherapie), bei Jon Young (8-shields Insitute), Sobonfu Some (+2017) und Sal Gencarelle (helpers mentoring society), als Teamerin der Drachinzeit, sowie von ihrem Sohn, der Natur und eigentlich von allem, was ihr in ihrem Leben begegnet. Sie liebt Katzen und Kinder, G\u00e4rtnern und Singen. W\u00e4hrend des Lockdowns initiierte sie eine Telegramgruppe mit Podcasts von heilsamen Themen f\u00fcr Frauen. Ihre Lieder und Podcasts findet man <a href=\"http:\/\/naturheilpraxis-wildeweide.de\/blog\/aktuelles\/\" data-type=\"URL\" data-id=\"http:\/\/naturheilpraxis-wildeweide.de\/blog\/aktuelles\/\">hier.<\/a><\/p>\n\n\n\n<p>Mehr \u00fcber Isabel und ihre Projekte erf\u00e4hrst du auf ihrer Webseite: <a href=\"http:\/\/naturheilpraxis-wildeweide.de\">naturheilpraxis-wildeweide.de<\/a><\/p>\n\n\n<div class=\"wp-block-image\">\n<figure class=\"aligncenter size-large is-resized\"><a href=\"http:\/\/naturheilpraxis-wildeweide.de\/ueber-mich\/\"><img loading=\"lazy\" decoding=\"async\" width=\"255\" height=\"255\" src=\"https:\/\/Gondea.de\/wp-content\/uploads\/2021\/02\/ww-logo-grey.png\" alt=\"\" class=\"wp-image-590\" style=\"width:191px;height:191px\" srcset=\"https:\/\/gondea.de\/wp-content\/uploads\/2021\/02\/ww-logo-grey.png 255w, https:\/\/gondea.de\/wp-content\/uploads\/2021\/02\/ww-logo-grey-150x150.png 150w, https:\/\/gondea.de\/wp-content\/uploads\/2021\/02\/ww-logo-grey-100x100.png 100w\" sizes=\"auto, (max-width: 255px) 100vw, 255px\" \/><\/a><\/figure>\n<\/div>\n\n\n<h2 class=\"wp-block-heading\" id=\"Lien\"><\/h2>\n\n\n\n<p><\/p>\n","protected":false},"excerpt":{"rendered":"<p>Zaia Hoffmann (sie, *1980) ist Wildnismentorin mit Fokus auf naturverbundener Ritualarbeit, Nomadin und Wildnisk\u00f6chin Sie leitete 4 Jahre lang Drachinzeiten, reiste nach Neuseeland, um bei Tides zu hospitieren. Sie lernte u.a. von Sobonfu Som\u00e9 (naturverbundene Rituale) und Imre Thormann (Butoh-Tanz). Mit der Wandelzeit, WILDKATZEN, den Chikas und verschiedenen Sitout-Formaten, die sie gemeinsam mit Lien De &hellip; <\/p>\n<p class=\"link-more\"><a href=\"https:\/\/gondea.de\/willkommen\/team\/\" class=\"more-link\"><span class=\"screen-reader-text\">\u201eTeam\u201c<\/span> weiterlesen<\/a><\/p>\n","protected":false},"author":1,"featured_media":0,"parent":0,"menu_order":0,"comment_status":"closed","ping_status":"closed","template":"","meta":{"footnotes":""},"class_list":["post-589","page","type-page","status-publish","hentry"],"_links":{"self":[{"href":"https:\/\/gondea.de\/willkommen\/wp-json\/wp\/v2\/pages\/589","targetHints":{"allow":["GET"]}}],"collection":[{"href":"https:\/\/gondea.de\/willkommen\/wp-json\/wp\/v2\/pages"}],"about":[{"href":"https:\/\/gondea.de\/willkommen\/wp-json\/wp\/v2\/types\/page"}],"author":[{"embeddable":true,"href":"https:\/\/gondea.de\/willkommen\/wp-json\/wp\/v2\/users\/1"}],"replies":[{"embeddable":true,"href":"https:\/\/gondea.de\/willkommen\/wp-json\/wp\/v2\/comments?post=589"}],"version-history":[{"count":34,"href":"https:\/\/gondea.de\/willkommen\/wp-json\/wp\/v2\/pages\/589\/revisions"}],"predecessor-version":[{"id":1256,"href":"https:\/\/gondea.de\/willkommen\/wp-json\/wp\/v2\/pages\/589\/revisions\/1256"}],"wp:attachment":[{"href":"https:\/\/gondea.de\/willkommen\/wp-json\/wp\/v2\/media?parent=589"}],"curies":[{"name":"wp","href":"https:\/\/api.w.org\/{rel}","templated":true}]}}